{"id":457,"date":"2022-10-06T00:23:48","date_gmt":"2022-10-06T00:23:48","guid":{"rendered":"http:\/\/localhost\/popcorn\/?page_id=457"},"modified":"2023-02-21T20:42:35","modified_gmt":"2023-02-21T19:42:35","slug":"politique-de-confidentialite","status":"publish","type":"page","link":"https:\/\/ebotv.com\/france\/politique-de-confidentialite\/","title":{"rendered":"Politique de confidentialit\u00e9"},"content":{"rendered":"\t\t<div data-elementor-type=\"wp-page\" data-elementor-id=\"457\" class=\"elementor elementor-457\">\n\t\t\t\t\t\t<section class=\"elementor-section elementor-top-section elementor-element elementor-element-1d25f411 elementor-section-boxed elementor-section-height-default elementor-section-height-default\" data-id=\"1d25f411\" data-element_type=\"section\" data-e-type=\"section\">\n\t\t\t\t\t\t<div class=\"elementor-container elementor-column-gap-default\">\n\t\t\t\t\t<div class=\"elementor-column elementor-col-100 elementor-top-column elementor-element elementor-element-55409441\" data-id=\"55409441\" data-element_type=\"column\" data-e-type=\"column\">\n\t\t\t<div class=\"elementor-widget-wrap elementor-element-populated\">\n\t\t\t\t\t\t<div class=\"elementor-element elementor-element-26ee1fe8 elementor-widget elementor-widget-text-editor\" data-id=\"26ee1fe8\" data-element_type=\"widget\" data-e-type=\"widget\" data-widget_type=\"text-editor.default\">\n\t\t\t\t<div class=\"elementor-widget-container\">\n\t\t\t\t\t\t\t\t\t<p><span style=\"color: #999c9f;\"><\/span><\/p>\n<h2 class=\"wp-block-heading\"><span style=\"color: #ffffff;\">Politique de confidentialit\u00e9 pour EBOTV<\/span><\/h2>\n<p><span style=\"color: #999c9f;\"><\/span><\/p>\n<p>Sur www.ebotv.com, accessible depuis contact@ebotv.com, l&#8217;une de nos principales priorit\u00e9s est la confidentialit\u00e9 de nos visiteurs. Ce document de politique de confidentialit\u00e9 contient des types d&#8217;informations qui sont collect\u00e9es et enregistr\u00e9es par www.ebotv.com et comment nous les utilisons.<\/p>\n<p>Si vous avez des questions suppl\u00e9mentaires ou souhaitez plus d&#8217;informations sur notre politique de confidentialit\u00e9, n&#8217;h\u00e9sitez pas \u00e0 nous contacter.<\/p>\n<p>Cette politique de confidentialit\u00e9 s&#8217;applique uniquement \u00e0 nos activit\u00e9s en ligne et est valable pour les visiteurs de notre site Web en ce qui concerne les informations qu&#8217;ils partagent et\/ou collectent sur www.ebotv.com. Cette politique ne s&#8217;applique pas aux informations collect\u00e9es hors ligne ou via des canaux autres que ce site Web.<\/p>\n<p><span style=\"color: #999c9f;\"><\/span><\/p>\n<h2 class=\"wp-block-heading\">Consentement<\/h2>\n<p><span style=\"color: #999c9f;\"><\/span><\/p>\n<p>En utilisant notre site Web, vous consentez par la pr\u00e9sente \u00e0 notre politique de confidentialit\u00e9 et acceptez ses conditions.<\/p>\n<p><span style=\"color: #999c9f;\"><\/span><\/p>\n<h2 class=\"wp-block-heading\">Informations que nous collectons<\/h2>\n<p><span style=\"color: #999c9f;\"><\/span><\/p>\n<p>Les informations personnelles que vous \u00eates invit\u00e9 \u00e0 fournir, et les raisons pour lesquelles vous \u00eates invit\u00e9 \u00e0 les fournir, vous seront pr\u00e9cis\u00e9es au moment o\u00f9 nous vous demanderons de fournir vos informations personnelles.<\/p>\n<p>Si vous nous contactez directement, nous pouvons recevoir des informations suppl\u00e9mentaires vous concernant telles que votre nom, votre adresse e-mail, votre num\u00e9ro de t\u00e9l\u00e9phone, le contenu du message et\/ou des pi\u00e8ces jointes que vous pouvez nous envoyer, et toute autre information que vous pouvez choisir de fournir.<\/p>\n<p>Lorsque vous cr\u00e9ez un compte, nous pouvons vous demander vos coordonn\u00e9es, y compris des \u00e9l\u00e9ments tels que le nom, le nom de l&#8217;entreprise, l&#8217;adresse, l&#8217;adresse e-mail et le num\u00e9ro de t\u00e9l\u00e9phone.<\/p>\n<p>Comment nous utilisons vos informations<\/p>\n<p><br \/>Nous utilisons les informations que nous recueillons de diverses mani\u00e8res, notamment pour :<\/p>\n<ul>\n<li>Fournir, exploiter et maintenir notre site Web<\/li>\n<li>Am\u00e9liorer, personnaliser et d\u00e9velopper notre site Web<\/li>\n<li>Comprendre et analyser la fa\u00e7on dont vous utilisez notre site Web<\/li>\n<li>D\u00e9velopper de nouveaux produits, services, caract\u00e9ristiques et fonctionnalit\u00e9s<\/li>\n<li>Communiquer avec vous, directement ou par l&#8217;interm\u00e9diaire de l&#8217;un de nos partenaires, y compris pour le service client, pour vous fournir des mises \u00e0 jour et d&#8217;autres informations relatives au site Web, et \u00e0 des fins de marketing et de promotion<\/li>\n<li>Vous envoyer des e-mails<\/li>\n<li>D\u00e9tecter et pr\u00e9venir la fraude<\/li>\n<\/ul>\n<p><span style=\"color: #999c9f;\"><\/span><\/p>\n<h2 class=\"wp-block-heading\">Fichiers journaux<\/h2>\n<p><span style=\"color: #999c9f;\"><\/span><\/p>\n<p>www.ebotv.com suit une proc\u00e9dure standard d&#8217;utilisation des fichiers journaux. Ces fichiers enregistrent les visiteurs lorsqu&#8217;ils visitent des sites Web. Toutes les soci\u00e9t\u00e9s d&#8217;h\u00e9bergement le font et font partie de l&#8217;analyse des services d&#8217;h\u00e9bergement. Les informations collect\u00e9es par les fichiers journaux incluent les adresses IP (protocole Internet), le type de navigateur, le fournisseur d&#8217;acc\u00e8s Internet (FAI), l&#8217;horodatage, les pages de renvoi\/sortie et \u00e9ventuellement le nombre de clics. Ceux-ci ne sont li\u00e9s \u00e0 aucune information personnellement identifiable. Le but de l&#8217;information est d&#8217;analyser les tendances, d&#8217;administrer le site, de suivre le mouvement des utilisateurs sur le site Web et de recueillir des informations d\u00e9mographiques.<\/p>\n<p><span style=\"color: #999c9f;\"><\/span><\/p>\n<h2 class=\"wp-block-heading\">Politiques de confidentialit\u00e9 des partenaires publicitaires<\/h2>\n<p><span style=\"color: #999c9f;\"><\/span><\/p>\n<p>Vous pouvez consulter cette liste pour trouver la politique de confidentialit\u00e9 de chacun des partenaires publicitaires de www.ebotv.com.<\/p>\n<p>Les serveurs publicitaires ou r\u00e9seaux publicitaires tiers utilisent des technologies telles que les cookies, JavaScript ou les balises Web qui sont utilis\u00e9es dans leurs publicit\u00e9s et liens respectifs qui apparaissent sur www.ebotv.com, qui sont envoy\u00e9s directement au navigateur des utilisateurs. Ils re\u00e7oivent automatiquement votre adresse IP lorsque cela se produit. Ces technologies sont utilis\u00e9es pour mesurer l&#8217;efficacit\u00e9 de leurs campagnes publicitaires et\/ou pour personnaliser le contenu publicitaire que vous voyez sur les sites Web que vous visitez.<\/p>\n<p>Notez que www.ebotv.com n&#8217;a aucun acc\u00e8s ni aucun contr\u00f4le sur ces cookies qui sont utilis\u00e9s par des annonceurs tiers.<span style=\"color: #999c9f;\">.<\/span><\/p>\n<p><span style=\"color: #999c9f;\"><\/span><\/p>\n<h2 class=\"wp-block-heading\">Politiques de confidentialit\u00e9 des tiers<\/h2>\n<p><span style=\"color: #999c9f;\"><\/span><\/p>\n<p>La politique de confidentialit\u00e9 de www.ebotv.com ne s&#8217;applique pas aux autres annonceurs ou sites Web. Ainsi, nous vous conseillons de consulter les politiques de confidentialit\u00e9 respectives de ces serveurs publicitaires tiers pour des informations plus d\u00e9taill\u00e9es. Il peut inclure leurs pratiques et instructions sur la fa\u00e7on de se retirer de certaines options.<\/p>\n<p>Vous pouvez choisir de d\u00e9sactiver les cookies via les options de votre navigateur. Pour conna\u00eetre des informations plus d\u00e9taill\u00e9es sur la gestion des cookies avec des navigateurs Web sp\u00e9cifiques, vous pouvez les trouver sur les sites Web respectifs des navigateurs.<\/p>\n<p><span style=\"color: #999c9f;\"><\/span><\/p>\n<h2 class=\"wp-block-heading\">Droits de confidentialit\u00e9 CCPA (Ne vendez pas mes informations personnelles)<\/h2>\n<p><span style=\"color: #999c9f;\"><\/span><\/p>\n<p>En vertu du CCPA, entre autres droits, les consommateurs californiens ont le droit de\u00a0:<\/p>\n<p>Demander qu&#8217;une entreprise qui collecte les donn\u00e9es personnelles d&#8217;un consommateur divulgue les cat\u00e9gories et les \u00e9l\u00e9ments sp\u00e9cifiques de donn\u00e9es personnelles qu&#8217;une entreprise a collect\u00e9es sur les consommateurs.<\/p>\n<p>Demander \u00e0 une entreprise de supprimer toutes les donn\u00e9es personnelles sur le consommateur qu&#8217;une entreprise a collect\u00e9es.<\/p>\n<p>Demander qu&#8217;une entreprise qui vend les donn\u00e9es personnelles d&#8217;un consommateur ne vende pas les donn\u00e9es personnelles du consommateur.<\/p>\n<p>Si vous faites une demande, nous avons un mois pour vous r\u00e9pondre. Si vous souhaitez exercer l&#8217;un de ces droits, veuillez nous contacter.<\/p>\n<p><span style=\"color: #999c9f;\"><\/span><\/p>\n<h2 class=\"wp-block-heading\">Droits de protection des donn\u00e9es GDPR<\/h2>\n<p><span style=\"color: #999c9f;\"><\/span><\/p>\n<p>Nous souhaitons nous assurer que vous \u00eates pleinement conscient de tous vos droits en mati\u00e8re de protection des donn\u00e9es. Chaque utilisateur a droit \u00e0 ce qui suit\u00a0:<\/p>\n<p>Le droit d&#8217;acc\u00e8s \u2013 Vous avez le droit de demander des copies de vos donn\u00e9es personnelles. Nous pouvons vous facturer une somme modique pour ce service.<\/p>\n<p>Le droit de rectification \u2013 Vous avez le droit de nous demander de corriger toute information que vous jugez inexacte. Vous avez \u00e9galement le droit de nous demander de compl\u00e9ter les informations que vous jugez incompl\u00e8tes.<\/p>\n<p>Le droit \u00e0 l&#8217;effacement \u2013 Vous avez le droit de nous demander d&#8217;effacer vos donn\u00e9es personnelles, sous certaines conditions.<\/p>\n<p>Le droit de restreindre le traitement \u2013 Vous avez le droit de nous demander de restreindre le traitement de vos donn\u00e9es personnelles, sous certaines conditions.<\/p>\n<p>Le droit de vous opposer au traitement \u2013 Vous avez le droit de vous opposer \u00e0 notre traitement de vos donn\u00e9es personnelles, sous certaines conditions.<\/p>\n<p>Le droit \u00e0 la portabilit\u00e9 des donn\u00e9es \u2013 Vous avez le droit de nous demander de transf\u00e9rer les donn\u00e9es que nous avons collect\u00e9es \u00e0 une autre organisation, ou directement \u00e0 vous, sous certaines conditions.<\/p>\n<p>Si vous faites une demande, nous avons un mois pour vous r\u00e9pondre. Si vous souhaitez exercer l&#8217;un de ces droits, veuillez nous contacter.<\/p>\n<p><span style=\"color: #999c9f;\"><\/span><\/p>\n<h2 class=\"wp-block-heading\">Informations sur les enfants<\/h2>\n<p><span style=\"color: #999c9f;\"><\/span><\/p>\n<p>Une autre partie de notre priorit\u00e9 est d&#8217;ajouter une protection pour les enfants lors de l&#8217;utilisation d&#8217;Internet. Nous encourageons les parents et les tuteurs \u00e0 observer, participer et\/ou surveiller et guider leur activit\u00e9 en ligne.<\/p>\n<p>www.ebotv.com ne collecte sciemment aucune information personnelle identifiable d&#8217;enfants de moins de 13 ans. Si vous pensez que votre enfant a fourni ce type d&#8217;informations sur notre site Web, nous vous encourageons fortement \u00e0 nous contacter imm\u00e9diatement et nous ferons de notre mieux. efforts pour supprimer rapidement ces informations de nos dossiers.<\/p>\n<p><span style=\"color: #999c9f;\"><\/span><\/p>\t\t\t\t\t\t\t\t<\/div>\n\t\t\t\t<\/div>\n\t\t\t\t\t<\/div>\n\t\t<\/div>\n\t\t\t\t\t<\/div>\n\t\t<\/section>\n\t\t\t\t<\/div>\n\t\t","protected":false},"excerpt":{"rendered":"<p>Politique de confidentialit\u00e9 pour EBOTV Sur www.ebotv.com, accessible depuis contact@ebotv.com, l&#8217;une de nos principales priorit\u00e9s est la confidentialit\u00e9 de nos visiteurs. Ce [&hellip;]<\/p>\n","protected":false},"author":1,"featured_media":0,"parent":0,"menu_order":0,"comment_status":"closed","ping_status":"closed","template":"","meta":{"_uag_custom_page_level_css":"","_joinchat":[],"footnotes":""},"class_list":["post-457","page","type-page","status-publish","hentry"],"yoast_head":"<!-- This site is optimized with the Yoast SEO plugin v27.3 - https:\/\/yoast.com\/product\/yoast-seo-wordpress\/ -->\n<title>Politique de confidentialit\u00e9 - Ebotv<\/title>\n<meta name=\"robots\" content=\"index, follow, max-snippet:-1, max-image-preview:large, max-video-preview:-1\" \/>\n<link rel=\"canonical\" href=\"https:\/\/ebotv.com\/france\/politique-de-confidentialite\/\" \/>\n<meta property=\"og:locale\" content=\"en_US\" \/>\n<meta property=\"og:type\" content=\"article\" \/>\n<meta property=\"og:title\" content=\"Politique de confidentialit\u00e9 - Ebotv\" \/>\n<meta property=\"og:description\" content=\"Politique de confidentialit\u00e9 pour EBOTV Sur www.ebotv.com, accessible depuis contact@ebotv.com, l&#8217;une de nos principales priorit\u00e9s est la confidentialit\u00e9 de nos visiteurs. Ce [&hellip;]\" \/>\n<meta property=\"og:url\" content=\"https:\/\/ebotv.com\/france\/politique-de-confidentialite\/\" \/>\n<meta property=\"og:site_name\" content=\"Ebotv\" \/>\n<meta property=\"article:modified_time\" content=\"2023-02-21T19:42:35+00:00\" \/>\n<meta name=\"twitter:card\" content=\"summary_large_image\" \/>\n<meta name=\"twitter:label1\" content=\"Est. reading time\" \/>\n\t<meta name=\"twitter:data1\" content=\"5 minutes\" \/>\n<script type=\"application\/ld+json\" class=\"yoast-schema-graph\">{\"@context\":\"https:\\\/\\\/schema.org\",\"@graph\":[{\"@type\":\"WebPage\",\"@id\":\"https:\\\/\\\/ebotv.com\\\/france\\\/politique-de-confidentialite\\\/\",\"url\":\"https:\\\/\\\/ebotv.com\\\/france\\\/politique-de-confidentialite\\\/\",\"name\":\"Politique de confidentialit\u00e9 - Ebotv\",\"isPartOf\":{\"@id\":\"https:\\\/\\\/ebotv.com\\\/france\\\/#website\"},\"datePublished\":\"2022-10-06T00:23:48+00:00\",\"dateModified\":\"2023-02-21T19:42:35+00:00\",\"breadcrumb\":{\"@id\":\"https:\\\/\\\/ebotv.com\\\/france\\\/politique-de-confidentialite\\\/#breadcrumb\"},\"inLanguage\":\"en-US\",\"potentialAction\":[{\"@type\":\"ReadAction\",\"target\":[\"https:\\\/\\\/ebotv.com\\\/france\\\/politique-de-confidentialite\\\/\"]}]},{\"@type\":\"BreadcrumbList\",\"@id\":\"https:\\\/\\\/ebotv.com\\\/france\\\/politique-de-confidentialite\\\/#breadcrumb\",\"itemListElement\":[{\"@type\":\"ListItem\",\"position\":1,\"name\":\"Home\",\"item\":\"https:\\\/\\\/ebotv.com\\\/france\\\/\"},{\"@type\":\"ListItem\",\"position\":2,\"name\":\"Politique de confidentialit\u00e9\"}]},{\"@type\":\"WebSite\",\"@id\":\"https:\\\/\\\/ebotv.com\\\/france\\\/#website\",\"url\":\"https:\\\/\\\/ebotv.com\\\/france\\\/\",\"name\":\"Ebotv\",\"description\":\"Meilleures offres d&#039;abonnement IPTV - Fournisseur IPTV premium #1\",\"publisher\":{\"@id\":\"https:\\\/\\\/ebotv.com\\\/france\\\/#organization\"},\"potentialAction\":[{\"@type\":\"SearchAction\",\"target\":{\"@type\":\"EntryPoint\",\"urlTemplate\":\"https:\\\/\\\/ebotv.com\\\/france\\\/?s={search_term_string}\"},\"query-input\":{\"@type\":\"PropertyValueSpecification\",\"valueRequired\":true,\"valueName\":\"search_term_string\"}}],\"inLanguage\":\"en-US\"},{\"@type\":\"Organization\",\"@id\":\"https:\\\/\\\/ebotv.com\\\/france\\\/#organization\",\"name\":\"Ebotv\",\"url\":\"https:\\\/\\\/ebotv.com\\\/france\\\/\",\"logo\":{\"@type\":\"ImageObject\",\"inLanguage\":\"en-US\",\"@id\":\"https:\\\/\\\/ebotv.com\\\/france\\\/#\\\/schema\\\/logo\\\/image\\\/\",\"url\":\"https:\\\/\\\/iptvthor.com\\\/wp-content\\\/uploads\\\/2022\\\/10\\\/logos.png\",\"contentUrl\":\"https:\\\/\\\/iptvthor.com\\\/wp-content\\\/uploads\\\/2022\\\/10\\\/logos.png\",\"width\":501,\"height\":165,\"caption\":\"Ebotv\"},\"image\":{\"@id\":\"https:\\\/\\\/ebotv.com\\\/france\\\/#\\\/schema\\\/logo\\\/image\\\/\"}}]}<\/script>\n<!-- \/ Yoast SEO plugin. -->","yoast_head_json":{"title":"Politique de confidentialit\u00e9 - Ebotv","robots":{"index":"index","follow":"follow","max-snippet":"max-snippet:-1","max-image-preview":"max-image-preview:large","max-video-preview":"max-video-preview:-1"},"canonical":"https:\/\/ebotv.com\/france\/politique-de-confidentialite\/","og_locale":"en_US","og_type":"article","og_title":"Politique de confidentialit\u00e9 - Ebotv","og_description":"Politique de confidentialit\u00e9 pour EBOTV Sur www.ebotv.com, accessible depuis contact@ebotv.com, l&#8217;une de nos principales priorit\u00e9s est la confidentialit\u00e9 de nos visiteurs. Ce [&hellip;]","og_url":"https:\/\/ebotv.com\/france\/politique-de-confidentialite\/","og_site_name":"Ebotv","article_modified_time":"2023-02-21T19:42:35+00:00","twitter_card":"summary_large_image","twitter_misc":{"Est. reading time":"5 minutes"},"schema":{"@context":"https:\/\/schema.org","@graph":[{"@type":"WebPage","@id":"https:\/\/ebotv.com\/france\/politique-de-confidentialite\/","url":"https:\/\/ebotv.com\/france\/politique-de-confidentialite\/","name":"Politique de confidentialit\u00e9 - Ebotv","isPartOf":{"@id":"https:\/\/ebotv.com\/france\/#website"},"datePublished":"2022-10-06T00:23:48+00:00","dateModified":"2023-02-21T19:42:35+00:00","breadcrumb":{"@id":"https:\/\/ebotv.com\/france\/politique-de-confidentialite\/#breadcrumb"},"inLanguage":"en-US","potentialAction":[{"@type":"ReadAction","target":["https:\/\/ebotv.com\/france\/politique-de-confidentialite\/"]}]},{"@type":"BreadcrumbList","@id":"https:\/\/ebotv.com\/france\/politique-de-confidentialite\/#breadcrumb","itemListElement":[{"@type":"ListItem","position":1,"name":"Home","item":"https:\/\/ebotv.com\/france\/"},{"@type":"ListItem","position":2,"name":"Politique de confidentialit\u00e9"}]},{"@type":"WebSite","@id":"https:\/\/ebotv.com\/france\/#website","url":"https:\/\/ebotv.com\/france\/","name":"Ebotv","description":"Meilleures offres d&#039;abonnement IPTV - Fournisseur IPTV premium #1","publisher":{"@id":"https:\/\/ebotv.com\/france\/#organization"},"potentialAction":[{"@type":"SearchAction","target":{"@type":"EntryPoint","urlTemplate":"https:\/\/ebotv.com\/france\/?s={search_term_string}"},"query-input":{"@type":"PropertyValueSpecification","valueRequired":true,"valueName":"search_term_string"}}],"inLanguage":"en-US"},{"@type":"Organization","@id":"https:\/\/ebotv.com\/france\/#organization","name":"Ebotv","url":"https:\/\/ebotv.com\/france\/","logo":{"@type":"ImageObject","inLanguage":"en-US","@id":"https:\/\/ebotv.com\/france\/#\/schema\/logo\/image\/","url":"https:\/\/iptvthor.com\/wp-content\/uploads\/2022\/10\/logos.png","contentUrl":"https:\/\/iptvthor.com\/wp-content\/uploads\/2022\/10\/logos.png","width":501,"height":165,"caption":"Ebotv"},"image":{"@id":"https:\/\/ebotv.com\/france\/#\/schema\/logo\/image\/"}}]}},"uagb_featured_image_src":{"full":false,"thumbnail":false,"medium":false,"medium_large":false,"large":false,"1536x1536":false,"2048x2048":false,"uicore-medium":false,"woocommerce_thumbnail":false,"woocommerce_single":false,"woocommerce_gallery_thumbnail":false},"uagb_author_info":{"display_name":"admin","author_link":"https:\/\/ebotv.com\/france\/author\/admin\/"},"uagb_comment_info":0,"uagb_excerpt":"Politique de confidentialit\u00e9 pour EBOTV Sur www.ebotv.com, accessible depuis contact@ebotv.com, l&#8217;une de nos principales priorit\u00e9s est la confidentialit\u00e9 de nos visiteurs. Ce [&hellip;]","jetpack_sharing_enabled":true,"_links":{"self":[{"href":"https:\/\/ebotv.com\/france\/wp-json\/wp\/v2\/pages\/457","targetHints":{"allow":["GET"]}}],"collection":[{"href":"https:\/\/ebotv.com\/france\/wp-json\/wp\/v2\/pages"}],"about":[{"href":"https:\/\/ebotv.com\/france\/wp-json\/wp\/v2\/types\/page"}],"author":[{"embeddable":true,"href":"https:\/\/ebotv.com\/france\/wp-json\/wp\/v2\/users\/1"}],"replies":[{"embeddable":true,"href":"https:\/\/ebotv.com\/france\/wp-json\/wp\/v2\/comments?post=457"}],"version-history":[{"count":0,"href":"https:\/\/ebotv.com\/france\/wp-json\/wp\/v2\/pages\/457\/revisions"}],"wp:attachment":[{"href":"https:\/\/ebotv.com\/france\/wp-json\/wp\/v2\/media?parent=457"}],"curies":[{"name":"wp","href":"https:\/\/api.w.org\/{rel}","templated":true}]}}